{"id":407,"date":"2019-01-08T11:20:37","date_gmt":"2019-01-08T10:20:37","guid":{"rendered":"http:\/\/www.jeannicholasguillo.com\/wordpress\/?page_id=407"},"modified":"2021-01-04T12:46:57","modified_gmt":"2021-01-04T11:46:57","slug":"__trashed","status":"publish","type":"page","link":"https:\/\/www.jeannicholasguillo.com\/?page_id=407","title":{"rendered":"Contact"},"content":{"rendered":"\n<div class=\"wp-block-columns has-2-columns is-layout-flex wp-container-core-columns-is-layout-9d6595d7 wp-block-columns-is-layout-flex\">\n<div class=\"wp-block-column is-layout-flow wp-block-column-is-layout-flow\">\n<h2 class=\"wp-block-heading\">Contact<\/h2>\n\n\n\n<p>Je vis \u00e0 Paris et travaille dans le monde entier<\/p>\n\n\n\n<p>Mail :<strong>&nbsp;jnguillo@live.fr<\/strong><\/p>\n\n\n\n<p>T\u00e9l\u00e9phone : +<strong>33 (0)650302562<\/strong><\/p>\n<\/div>\n\n\n\n<div class=\"wp-block-column is-layout-flow wp-block-column-is-layout-flow\"><\/div>\n<\/div>\n\n\n\n<p><\/p>\n","protected":false},"excerpt":{"rendered":"<p>Contact Je vis \u00e0 Paris et travaille dans le monde entier Mail :&nbsp;jnguillo@live.fr T\u00e9l\u00e9phone : +33 (0)650302562<\/p>\n","protected":false},"author":1,"featured_media":0,"parent":0,"menu_order":0,"comment_status":"closed","ping_status":"closed","template":"","meta":{"footnotes":""},"class_list":["post-407","page","type-page","status-publish","hentry"],"_links":{"self":[{"href":"https:\/\/www.jeannicholasguillo.com\/index.php?rest_route=\/wp\/v2\/pages\/407","targetHints":{"allow":["GET"]}}],"collection":[{"href":"https:\/\/www.jeannicholasguillo.com\/index.php?rest_route=\/wp\/v2\/pages"}],"about":[{"href":"https:\/\/www.jeannicholasguillo.com\/index.php?rest_route=\/wp\/v2\/types\/page"}],"author":[{"embeddable":true,"href":"https:\/\/www.jeannicholasguillo.com\/index.php?rest_route=\/wp\/v2\/users\/1"}],"replies":[{"embeddable":true,"href":"https:\/\/www.jeannicholasguillo.com\/index.php?rest_route=%2Fwp%2Fv2%2Fcomments&post=407"}],"version-history":[{"count":21,"href":"https:\/\/www.jeannicholasguillo.com\/index.php?rest_route=\/wp\/v2\/pages\/407\/revisions"}],"predecessor-version":[{"id":844,"href":"https:\/\/www.jeannicholasguillo.com\/index.php?rest_route=\/wp\/v2\/pages\/407\/revisions\/844"}],"wp:attachment":[{"href":"https:\/\/www.jeannicholasguillo.com\/index.php?rest_route=%2Fwp%2Fv2%2Fmedia&parent=407"}],"curies":[{"name":"wp","href":"https:\/\/api.w.org\/{rel}","templated":true}]}}