{"id":754,"date":"2019-01-19T19:12:00","date_gmt":"2019-01-19T18:12:00","guid":{"rendered":"http:\/\/www.jeannicholasguillo.com\/wordpress\/?page_id=754"},"modified":"2019-02-13T15:10:51","modified_gmt":"2019-02-13T14:10:51","slug":"a-propos","status":"publish","type":"page","link":"https:\/\/www.jeannicholasguillo.com\/?page_id=754","title":{"rendered":"\u00c0 propos"},"content":{"rendered":"\n<p><strong>\u00c0 propos<\/strong><\/p>\n\n\n\n<p><\/p>\n\n\n\n<p>Photographe professionnel depuis plus de 10 ans. J\u2019ai suivi une formation de Photojournalisme \u00e0 l\u2019<em>EMI-cfd<\/em> en 2009. Curieux des nouvelles formes de narration visuelle je me suis mis \u00e0 filmer d\u00e8s l\u2019apparition de la vid\u00e9o sur les appareils photos r\u00e9flexes. Cela m\u2019a permis de produire des formats tr\u00e8s vari\u00e9s tels que des diaporamas sonores, documentaire et web-documentaires interactifs.&nbsp;<\/p>\n\n\n\n<p>Reporter photo et vid\u00e9o pour le quotidien <em>Le Parisien &#8211; Aujourd\u2019hui en France<\/em> pendant 6 ans. Je me suis frott\u00e9 \u00e0 tous les d\u00e9fis qu&rsquo;un journal d&rsquo;actualit\u00e9 a \u00e0 offrir en France ainsi qu&rsquo;\u00e0 l&rsquo;\u00e9tranger. <\/p>\n\n\n\n<p>Je suis libre pour r\u00e9pondre \u00e0 tous types de commandes. <a href=\"http:\/\/www.jeannicholasguillo.com\/wordpress\/?page_id=407\">Contactez moi<\/a> pour me soumettre votre projet. &nbsp;<\/p>\n\n\n\n<p>Mes photos sont publi\u00e9es dans : <em>le Parisien &#8211; Aujourd\u2019hui en France, Paris Match, VSD, Le Monde, La Croix, Le Point, L\u2019Expresse, Science&amp;Vie, Washington Post, Aftonbladet, Time Life,\u00a0 Vice.com, P\u00e8lerin, \u2026\u00a0 <\/em><\/p>\n\n\n\n<p>Et je collabore comme photographe avec : <em>T\u00e9l\u00e9rama, Femina Fashion, EMI Musique France, Homair Vacances, Greenpeace, Wark Design, MedEd Global Solution, Centre-Inffo, Jones Lang Lasalle, Icicle, CBRE, Alex Bolton, Carr\u00e9 d\u2019or Immobilier, BNP Paribas, Adamas, Toit Accueil Vie, Cyberboat Productions, Studio Lorelle, Inserm, Curius, \u2026\u00a0<\/em><\/p>\n","protected":false},"excerpt":{"rendered":"<p>\u00c0 propos Photographe professionnel depuis plus de 10 ans. J\u2019ai suivi une formation de Photojournalisme \u00e0 l\u2019EMI-cfd en 2009. Curieux des nouvelles formes de narration visuelle je me suis mis &hellip;<\/p>\n","protected":false},"author":1,"featured_media":0,"parent":0,"menu_order":0,"comment_status":"closed","ping_status":"closed","template":"","meta":{"footnotes":""},"class_list":["post-754","page","type-page","status-publish","hentry"],"_links":{"self":[{"href":"https:\/\/www.jeannicholasguillo.com\/index.php?rest_route=\/wp\/v2\/pages\/754","targetHints":{"allow":["GET"]}}],"collection":[{"href":"https:\/\/www.jeannicholasguillo.com\/index.php?rest_route=\/wp\/v2\/pages"}],"about":[{"href":"https:\/\/www.jeannicholasguillo.com\/index.php?rest_route=\/wp\/v2\/types\/page"}],"author":[{"embeddable":true,"href":"https:\/\/www.jeannicholasguillo.com\/index.php?rest_route=\/wp\/v2\/users\/1"}],"replies":[{"embeddable":true,"href":"https:\/\/www.jeannicholasguillo.com\/index.php?rest_route=%2Fwp%2Fv2%2Fcomments&post=754"}],"version-history":[{"count":11,"href":"https:\/\/www.jeannicholasguillo.com\/index.php?rest_route=\/wp\/v2\/pages\/754\/revisions"}],"predecessor-version":[{"id":838,"href":"https:\/\/www.jeannicholasguillo.com\/index.php?rest_route=\/wp\/v2\/pages\/754\/revisions\/838"}],"wp:attachment":[{"href":"https:\/\/www.jeannicholasguillo.com\/index.php?rest_route=%2Fwp%2Fv2%2Fmedia&parent=754"}],"curies":[{"name":"wp","href":"https:\/\/api.w.org\/{rel}","templated":true}]}}