{"id":776,"date":"2019-01-21T11:51:23","date_gmt":"2019-01-21T10:51:23","guid":{"rendered":"http:\/\/www.jeannicholasguillo.com\/wordpress\/?page_id=776"},"modified":"2019-02-11T17:49:13","modified_gmt":"2019-02-11T16:49:13","slug":"multimedia","status":"publish","type":"page","link":"https:\/\/www.jeannicholasguillo.com\/?page_id=776","title":{"rendered":"Multim\u00e9dia"},"content":{"rendered":"\n<p><strong>Multim\u00e9dia <\/strong><\/p>\n\n\n\n<figure class=\"wp-block-embed-vimeo wp-block-embed is-type-video is-provider-vimeo wp-embed-aspect-16-9 wp-has-aspect-ratio\"><div class=\"wp-block-embed__wrapper\">\n<iframe loading=\"lazy\" src=\"https:\/\/player.vimeo.com\/video\/73528079?app_id=122963\" width=\"905\" height=\"509\" frameborder=\"0\" title=\"MONEYOCRACY, the rise of the United States of America - 2012 - Teaser\" allow=\"autoplay; fullscreen\" allowfullscreen><\/iframe>\n<\/div><figcaption>Le projet MONEYOCRACY est un documentaire transmedia comprenant un documentaire de 90 minutes et un documentaire interactif publi\u00e9 par leMonde.fr. Il analyse l&rsquo;impact majeur de l&rsquo;arr\u00eat Citizens United vs. F.E.C de 2010 sur la d\u00e9mocratie am\u00e9ricaine. <a href=\"http:\/\/moneyocracy-project.com\/#service\">En savoir +\ufeff<\/a><\/figcaption><\/figure>\n\n\n\n<figure class=\"wp-block-embed-vimeo wp-block-embed is-type-video is-provider-vimeo wp-embed-aspect-16-9 wp-has-aspect-ratio\"><div class=\"wp-block-embed__wrapper\">\n<iframe loading=\"lazy\" src=\"https:\/\/player.vimeo.com\/video\/94339141?app_id=122963\" width=\"905\" height=\"509\" frameborder=\"0\" title=\"SHOWREEL 2014\" allow=\"autoplay; fullscreen\" allowfullscreen><\/iframe>\n<\/div><figcaption>Compilation de mes vid\u00e9os diffus\u00e9es en 2013. Extraits de reportages r\u00e9alis\u00e9s pour le Parisien.fr, de travaux personnel, de Moneyocracy (documentaire co-\u00e9crit et r\u00e9alis\u00e9 avec Gerald Holubowicz) et autres commandes.<\/figcaption><\/figure>\n\n\n\n<p><br><\/p>\n\n\n\n<figure class=\"wp-block-embed-vimeo wp-block-embed is-type-video is-provider-vimeo wp-embed-aspect-16-9 wp-has-aspect-ratio\"><div class=\"wp-block-embed__wrapper\">\n<iframe loading=\"lazy\" src=\"https:\/\/player.vimeo.com\/video\/313794724?app_id=122963\" width=\"905\" height=\"509\" frameborder=\"0\" title=\"Rudy Gobert, un Fran&ccedil;ais en NBA\" allow=\"autoplay; fullscreen\" allowfullscreen><\/iframe>\n<\/div><figcaption>Rencontre avec le basketteur professionnel Rudi Gobert qui \u00e9volue dans le club des \u00ab\u00a0Utah Jazz\u00a0\u00bb dans la ville de Salt Lake City aux USA.<\/figcaption><\/figure>\n\n\n\n<figure class=\"wp-block-embed-vimeo wp-block-embed is-type-video is-provider-vimeo wp-embed-aspect-16-9 wp-has-aspect-ratio\"><div class=\"wp-block-embed__wrapper\">\n<iframe loading=\"lazy\" src=\"https:\/\/player.vimeo.com\/video\/313805579?app_id=122963\" width=\"905\" height=\"509\" frameborder=\"0\" title=\"Vacances en mode &eacute;conomie collaborative\" allow=\"autoplay; fullscreen\" allowfullscreen><\/iframe>\n<\/div><figcaption>Parcourir 1 000 km en trois jours, entre Paris et Bayonne en n&rsquo;utilisant que l&rsquo;\u00e9conomie collaborative. Et faire confiance aux particuliers que ce soit pour les transports, le logement, les repas ou les activit\u00e9s. Balade en bateau, d\u00eener gastronomique, voyage en camion. Le tout pour seulement 186 \u20ac<\/figcaption><\/figure>\n\n\n\n<figure class=\"wp-block-embed-vimeo wp-block-embed is-type-video is-provider-vimeo wp-embed-aspect-16-9 wp-has-aspect-ratio\"><div class=\"wp-block-embed__wrapper\">\n<iframe loading=\"lazy\" src=\"https:\/\/player.vimeo.com\/video\/313776422?app_id=122963\" width=\"905\" height=\"509\" frameborder=\"0\" title=\"Basilique Saint Denis\" allow=\"autoplay; fullscreen\" allowfullscreen><\/iframe>\n<\/div><figcaption>Visite de la Basilique Saint Denis en diaporama sonore r\u00e9alis\u00e9 pour le Parisien.fr<\/figcaption><\/figure>\n\n\n\n<figure class=\"wp-block-embed-vimeo wp-block-embed is-type-video is-provider-vimeo wp-embed-aspect-4-3 wp-has-aspect-ratio\"><div class=\"wp-block-embed__wrapper\">\n<iframe loading=\"lazy\" src=\"https:\/\/player.vimeo.com\/video\/13904194?app_id=122963\" width=\"640\" height=\"480\" frameborder=\"0\" title=\"BikePolo &copy; Jean Nicholas GUILLO\" allow=\"autoplay; fullscreen\" allowfullscreen><\/iframe>\n<\/div><figcaption>Diaporama sonore ou P.O.M. (Petite Oeuvre Multim\u00e9dia) r\u00e9alis\u00e9 en 2010 sur la pratique du Bike Polo, une variante du polo \u00e0 cheval se pratiquant \u00e0 v\u00e9lo.<\/figcaption><\/figure>\n","protected":false},"excerpt":{"rendered":"<p>Multim\u00e9dia<\/p>\n","protected":false},"author":1,"featured_media":0,"parent":0,"menu_order":0,"comment_status":"closed","ping_status":"closed","template":"","meta":{"footnotes":""},"class_list":["post-776","page","type-page","status-publish","hentry"],"_links":{"self":[{"href":"https:\/\/www.jeannicholasguillo.com\/index.php?rest_route=\/wp\/v2\/pages\/776","targetHints":{"allow":["GET"]}}],"collection":[{"href":"https:\/\/www.jeannicholasguillo.com\/index.php?rest_route=\/wp\/v2\/pages"}],"about":[{"href":"https:\/\/www.jeannicholasguillo.com\/index.php?rest_route=\/wp\/v2\/types\/page"}],"author":[{"embeddable":true,"href":"https:\/\/www.jeannicholasguillo.com\/index.php?rest_route=\/wp\/v2\/users\/1"}],"replies":[{"embeddable":true,"href":"https:\/\/www.jeannicholasguillo.com\/index.php?rest_route=%2Fwp%2Fv2%2Fcomments&post=776"}],"version-history":[{"count":13,"href":"https:\/\/www.jeannicholasguillo.com\/index.php?rest_route=\/wp\/v2\/pages\/776\/revisions"}],"predecessor-version":[{"id":834,"href":"https:\/\/www.jeannicholasguillo.com\/index.php?rest_route=\/wp\/v2\/pages\/776\/revisions\/834"}],"wp:attachment":[{"href":"https:\/\/www.jeannicholasguillo.com\/index.php?rest_route=%2Fwp%2Fv2%2Fmedia&parent=776"}],"curies":[{"name":"wp","href":"https:\/\/api.w.org\/{rel}","templated":true}]}}